{"id":336,"date":"2023-10-23T12:59:06","date_gmt":"2023-10-23T10:59:06","guid":{"rendered":"https:\/\/turquoisedt.com\/?page_id=336"},"modified":"2023-12-15T12:24:28","modified_gmt":"2023-12-15T11:24:28","slug":"dijital_koleksiyonlar","status":"publish","type":"page","link":"https:\/\/turquoisedt.com\/collections\/dijital_koleksiyonlar\/","title":{"rendered":"Dijital koleksiyonlar"},"content":{"rendered":"\t\t<div data-elementor-type=\"wp-page\" data-elementor-id=\"336\" class=\"elementor elementor-336\">\n\t\t\t\t<div class=\"elementor-element elementor-element-f63e0e2 e-flex e-con-boxed e-con e-parent\" data-id=\"f63e0e2\" data-element_type=\"container\">\n\t\t\t\t\t<div class=\"e-con-inner\">\n\t\t<div class=\"elementor-element elementor-element-bfa7cb5 e-con-full e-flex e-con e-child\" data-id=\"bfa7cb5\" data-element_type=\"container\">\n\t\t\t\t<div class=\"elementor-element elementor-element-bb62a69 elementor-widget elementor-widget-image\" data-id=\"bb62a69\" data-element_type=\"widget\" data-widget_type=\"image.default\">\n\t\t\t\t<div class=\"elementor-widget-container\">\n\t\t\t\t\t\t\t\t\t\t\t\t\t\t\t\t<a href=\"https:\/\/turquoisedt.com\">\n\t\t\t\t\t\t\t<img fetchpriority=\"high\" decoding=\"async\" width=\"414\" height=\"177\" src=\"https:\/\/turquoisedt.com\/collections\/wp-content\/uploads\/2023\/10\/SignUpTurquoise.png\" class=\"attachment-large size-large wp-image-371\" alt=\"\" srcset=\"https:\/\/turquoisedt.com\/collections\/wp-content\/uploads\/2023\/10\/SignUpTurquoise.png 414w, https:\/\/turquoisedt.com\/collections\/wp-content\/uploads\/2023\/10\/SignUpTurquoise-300x128.png 300w, https:\/\/turquoisedt.com\/collections\/wp-content\/uploads\/2023\/10\/SignUpTurquoise-18x8.png 18w\" sizes=\"(max-width: 414px) 100vw, 414px\" \/>\t\t\t\t\t\t\t\t<\/a>\n\t\t\t\t\t\t\t\t\t\t\t\t\t\t\t<\/div>\n\t\t\t\t<\/div>\n\t\t\t\t<\/div>\n\t\t<div class=\"elementor-element elementor-element-d9b5ab2 e-con-full e-flex e-con e-child\" data-id=\"d9b5ab2\" data-element_type=\"container\">\n\t\t\t\t<\/div>\n\t\t\t\t\t<\/div>\n\t\t\t\t<\/div>\n\t\t<div class=\"elementor-element elementor-element-2344f80 e-flex e-con-boxed e-con e-parent\" data-id=\"2344f80\" data-element_type=\"container\">\n\t\t\t\t\t<div class=\"e-con-inner\">\n\t\t\t\t<div class=\"elementor-element elementor-element-8e12b47 elementor-widget elementor-widget-video\" data-id=\"8e12b47\" data-element_type=\"widget\" data-settings=\"{&quot;video_type&quot;:&quot;hosted&quot;,&quot;autoplay&quot;:&quot;yes&quot;,&quot;loop&quot;:&quot;yes&quot;,&quot;play_on_mobile&quot;:&quot;yes&quot;,&quot;mute&quot;:&quot;yes&quot;}\" data-widget_type=\"video.default\">\n\t\t\t\t<div class=\"elementor-widget-container\">\n\t\t\t\t\t\t\t<div class=\"e-hosted-video elementor-wrapper elementor-open-inline\">\n\t\t\t\t\t<video class=\"elementor-video\" src=\"https:\/\/turquoisedt.com\/collections\/wp-content\/uploads\/2023\/11\/VIDEO-TURQUOISE.mp4\" autoplay=\"\" loop=\"\" muted=\"muted\" playsinline=\"\"><\/video>\n\t\t\t\t<\/div>\n\t\t\t\t\t\t<\/div>\n\t\t\t\t<\/div>\n\t\t\t\t<div class=\"elementor-element elementor-element-6c38515 elementor-widget elementor-widget-heading\" data-id=\"6c38515\" data-element_type=\"widget\" data-widget_type=\"heading.default\">\n\t\t\t\t<div class=\"elementor-widget-container\">\n\t\t\t\t\t<h1 class=\"elementor-heading-title elementor-size-xxl\">DIJITAL KOLEKSIYONLAR<\/h1>\t\t\t\t<\/div>\n\t\t\t\t<\/div>\n\t\t\t\t\t<\/div>\n\t\t\t\t<\/div>\n\t\t<div class=\"elementor-element elementor-element-7f93c37 e-flex e-con-boxed e-con e-parent\" data-id=\"7f93c37\" data-element_type=\"container\">\n\t\t\t\t\t<div class=\"e-con-inner\">\n\t\t\t\t<div class=\"elementor-element elementor-element-6278452 elementor-widget__width-initial elementor-widget elementor-widget-text-editor\" data-id=\"6278452\" data-element_type=\"widget\" data-settings=\"{&quot;_animation&quot;:&quot;none&quot;}\" data-widget_type=\"text-editor.default\">\n\t\t\t\t<div class=\"elementor-widget-container\">\n\t\t\t\t\t\t\t\t\t<p>Turquoise&#8217;da m\u00fc\u015fteri memnuniyeti her \u015feyden \u00f6nemlidir. Do\u011fal, metalik ve sentetik se\u00e7enekleri de i\u00e7eren geni\u015f malzeme yelpazesiyle modern, kaliteli tasar\u0131mlar sunuyoruz.<\/p><p>Ayr\u0131ca \u00e7evre taahh\u00fcd\u00fcm\u00fcz do\u011frultusunda geri d\u00f6n\u00fc\u015ft\u00fcr\u00fclm\u00fc\u015f, ekolojik ve organik malzemelerden olu\u015fan yeni bir koleksiyonumuz var. M\u00fc\u015fterilerimiz i\u00e7in ola\u011fan\u00fcst\u00fc moda \u00fcr\u00fcnleri yarat\u0131rken \u00e7evreyi korumaya \u00e7al\u0131\u015f\u0131yoruz.<\/p>\t\t\t\t\t\t\t\t<\/div>\n\t\t\t\t<\/div>\n\t\t\t\t\t<\/div>\n\t\t\t\t<\/div>\n\t\t<div class=\"elementor-element elementor-element-e9138f9 e-flex e-con-boxed e-con e-parent\" data-id=\"e9138f9\" data-element_type=\"container\">\n\t\t\t\t\t<div class=\"e-con-inner\">\n\t\t<div class=\"elementor-element elementor-element-7da872d e-con-full e-flex e-con e-child\" data-id=\"7da872d\" data-element_type=\"container\">\n\t\t\t\t<div class=\"elementor-element elementor-element-978e4fa elementor-align-center e-transform e-transform elementor-invisible elementor-widget elementor-widget-button\" data-id=\"978e4fa\" data-element_type=\"widget\" data-settings=\"{&quot;_animation&quot;:&quot;fadeIn&quot;,&quot;_transform_rotateZ_effect_hover&quot;:{&quot;unit&quot;:&quot;px&quot;,&quot;size&quot;:0,&quot;sizes&quot;:[]},&quot;_transform_rotateZ_effect&quot;:{&quot;unit&quot;:&quot;px&quot;,&quot;size&quot;:&quot;&quot;,&quot;sizes&quot;:[]},&quot;_transform_rotateZ_effect_tablet&quot;:{&quot;unit&quot;:&quot;deg&quot;,&quot;size&quot;:&quot;&quot;,&quot;sizes&quot;:[]},&quot;_transform_rotateZ_effect_mobile&quot;:{&quot;unit&quot;:&quot;deg&quot;,&quot;size&quot;:&quot;&quot;,&quot;sizes&quot;:[]},&quot;_transform_rotateZ_effect_hover_tablet&quot;:{&quot;unit&quot;:&quot;deg&quot;,&quot;size&quot;:&quot;&quot;,&quot;sizes&quot;:[]},&quot;_transform_rotateZ_effect_hover_mobile&quot;:{&quot;unit&quot;:&quot;deg&quot;,&quot;size&quot;:&quot;&quot;,&quot;sizes&quot;:[]}}\" data-widget_type=\"button.default\">\n\t\t\t\t<div class=\"elementor-widget-container\">\n\t\t\t\t\t\t\t\t\t<div class=\"elementor-button-wrapper\">\n\t\t\t\t\t<a class=\"elementor-button elementor-button-link elementor-size-lg\" href=\"https:\/\/turquoisedt.com\/collections\/uye_ol\">\n\t\t\t\t\t\t<span class=\"elementor-button-content-wrapper\">\n\t\t\t\t\t\t\t\t\t<span class=\"elementor-button-text\">\u00dcYE OL<\/span>\n\t\t\t\t\t<\/span>\n\t\t\t\t\t<\/a>\n\t\t\t\t<\/div>\n\t\t\t\t\t\t\t\t<\/div>\n\t\t\t\t<\/div>\n\t\t\t\t<\/div>\n\t\t<div class=\"elementor-element elementor-element-3a7a3b5 e-con-full e-flex e-con e-child\" data-id=\"3a7a3b5\" data-element_type=\"container\">\n\t\t\t\t<div class=\"elementor-element elementor-element-39bb195 elementor-align-center e-transform elementor-invisible elementor-widget elementor-widget-button\" data-id=\"39bb195\" data-element_type=\"widget\" data-settings=\"{&quot;_animation&quot;:&quot;fadeIn&quot;,&quot;_transform_rotateZ_effect_hover&quot;:{&quot;unit&quot;:&quot;px&quot;,&quot;size&quot;:&quot;&quot;,&quot;sizes&quot;:[]},&quot;_transform_rotateZ_effect_hover_tablet&quot;:{&quot;unit&quot;:&quot;deg&quot;,&quot;size&quot;:&quot;&quot;,&quot;sizes&quot;:[]},&quot;_transform_rotateZ_effect_hover_mobile&quot;:{&quot;unit&quot;:&quot;deg&quot;,&quot;size&quot;:&quot;&quot;,&quot;sizes&quot;:[]}}\" data-widget_type=\"button.default\">\n\t\t\t\t<div class=\"elementor-widget-container\">\n\t\t\t\t\t\t\t\t\t<div class=\"elementor-button-wrapper\">\n\t\t\t\t\t<a class=\"elementor-button elementor-button-link elementor-size-lg\" href=\"https:\/\/turquoisedt.com\/collections\/giris_yapmak\/\">\n\t\t\t\t\t\t<span class=\"elementor-button-content-wrapper\">\n\t\t\t\t\t\t\t\t\t<span class=\"elementor-button-text\">G\u0130R\u0130\u015e YAPMAK<\/span>\n\t\t\t\t\t<\/span>\n\t\t\t\t\t<\/a>\n\t\t\t\t<\/div>\n\t\t\t\t\t\t\t\t<\/div>\n\t\t\t\t<\/div>\n\t\t\t\t<\/div>\n\t\t\t\t\t<\/div>\n\t\t\t\t<\/div>\n\t\t<div class=\"elementor-element elementor-element-88c0b24 e-flex e-con-boxed e-con e-parent\" data-id=\"88c0b24\" data-element_type=\"container\">\n\t\t\t\t\t<div class=\"e-con-inner\">\n\t\t\t\t\t<\/div>\n\t\t\t\t<\/div>\n\t\t<div class=\"elementor-element elementor-element-6f958fd e-flex e-con-boxed e-con e-parent\" data-id=\"6f958fd\" data-element_type=\"container\">\n\t\t\t\t\t<div class=\"e-con-inner\">\n\t\t\t\t\t<\/div>\n\t\t\t\t<\/div>\n\t\t<div class=\"elementor-element elementor-element-2c34b3a e-flex e-con-boxed e-con e-parent\" data-id=\"2c34b3a\" data-element_type=\"container\">\n\t\t\t\t\t<div class=\"e-con-inner\">\n\t\t\t\t\t<\/div>\n\t\t\t\t<\/div>\n\t\t\t\t<\/div>\n\t\t","protected":false},"excerpt":{"rendered":"<p>https:\/\/turquoisedt.com\/collections\/wp-content\/uploads\/2023\/11\/VIDEO-TURQUOISE.mp4 DIJITAL KOLEKSIYONLAR Turquoise&#8217;da m\u00fc\u015fteri memnuniyeti her \u015feyden \u00f6nemlidir. Do\u011fal, metalik ve sentetik se\u00e7enekleri de i\u00e7eren geni\u015f malzeme yelpazesiyle modern, kaliteli tasar\u0131mlar sunuyoruz. Ayr\u0131ca \u00e7evre taahh\u00fcd\u00fcm\u00fcz do\u011frultusunda geri d\u00f6n\u00fc\u015ft\u00fcr\u00fclm\u00fc\u015f, ekolojik ve organik malzemelerden olu\u015fan yeni bir koleksiyonumuz var. M\u00fc\u015fterilerimiz i\u00e7in ola\u011fan\u00fcst\u00fc moda \u00fcr\u00fcnleri yarat\u0131rken \u00e7evreyi korumaya \u00e7al\u0131\u015f\u0131yoruz. \u00dcYE OL G\u0130R\u0130\u015e YAPMAK<\/p>\n","protected":false},"author":1,"featured_media":0,"parent":0,"menu_order":0,"comment_status":"closed","ping_status":"closed","template":"elementor_canvas","meta":{"footnotes":""},"class_list":["post-336","page","type-page","status-publish","hentry"],"_links":{"self":[{"href":"https:\/\/turquoisedt.com\/collections\/wp-json\/wp\/v2\/pages\/336","targetHints":{"allow":["GET"]}}],"collection":[{"href":"https:\/\/turquoisedt.com\/collections\/wp-json\/wp\/v2\/pages"}],"about":[{"href":"https:\/\/turquoisedt.com\/collections\/wp-json\/wp\/v2\/types\/page"}],"author":[{"embeddable":true,"href":"https:\/\/turquoisedt.com\/collections\/wp-json\/wp\/v2\/users\/1"}],"replies":[{"embeddable":true,"href":"https:\/\/turquoisedt.com\/collections\/wp-json\/wp\/v2\/comments?post=336"}],"version-history":[{"count":130,"href":"https:\/\/turquoisedt.com\/collections\/wp-json\/wp\/v2\/pages\/336\/revisions"}],"predecessor-version":[{"id":2011,"href":"https:\/\/turquoisedt.com\/collections\/wp-json\/wp\/v2\/pages\/336\/revisions\/2011"}],"wp:attachment":[{"href":"https:\/\/turquoisedt.com\/collections\/wp-json\/wp\/v2\/media?parent=336"}],"curies":[{"name":"wp","href":"https:\/\/api.w.org\/{rel}","templated":true}]}}